{"id":386295,"date":"2026-02-19T21:11:58","date_gmt":"2026-02-19T21:11:58","guid":{"rendered":"https:\/\/abac.software\/?page_id=386295"},"modified":"2026-03-13T18:43:46","modified_gmt":"2026-03-13T18:43:46","slug":"multumim","status":"publish","type":"page","link":"https:\/\/abac.software\/ro\/multumim\/","title":{"rendered":"Multumim"},"content":{"rendered":"<p>[et_pb_section fb_built=&#8221;1&#8243; _builder_version=&#8221;4.27.6&#8243; _module_preset=&#8221;default&#8221; background_color=&#8221;rgba(33,33,33,0.6)&#8221; background_image=&#8221;https:\/\/abac.software\/wp-content\/uploads\/2026\/03\/Building-Image.png&#8221; background_position=&#8221;top_left&#8221; background_blend=&#8221;overlay&#8221; min_height=&#8221;100vh&#8221; custom_css_main_element=&#8221;display: flex;||flex-direction: row;||justify-content: center;&#8221; global_colors_info=&#8221;{}&#8221;][et_pb_row _builder_version=&#8221;4.27.6&#8243; _module_preset=&#8221;default&#8221; global_colors_info=&#8221;{}&#8221;][et_pb_column type=&#8221;4_4&#8243; _builder_version=&#8221;4.27.6&#8243; _module_preset=&#8221;default&#8221; global_colors_info=&#8221;{}&#8221;][et_pb_text _builder_version=&#8221;4.27.6&#8243; _module_preset=&#8221;default&#8221; text_text_color=&#8221;#FFFFFF&#8221; header_text_align=&#8221;center&#8221; header_text_color=&#8221;#FFFFFF&#8221; header_font_size=&#8221;55px&#8221; global_colors_info=&#8221;{}&#8221;]<\/p>\n<h1>Programare confirmat\u0103 cu success.<\/h1>\n<p>[\/et_pb_text][et_pb_text _builder_version=&#8221;4.27.6&#8243; _module_preset=&#8221;default&#8221; text_text_color=&#8221;#FFFFFF&#8221; text_font_size=&#8221;22px&#8221; text_orientation=&#8221;center&#8221; global_colors_info=&#8221;{}&#8221;]<\/p>\n<p data-start=\"552\" data-end=\"631\">V\u0103 rug\u0103m s\u0103 verifica\u021bi adresa de e-mail pentru detaliile de acces la \u00eent\u00e2lnire.<\/p>\n<p data-start=\"633\" data-end=\"780\">\u00cen cadrul discu\u021biei vom analiza obiectivele dumneavoastr\u0103 \u0219i modul \u00een care acestea pot fi transpuse \u00eentr-o solu\u021bie software solid\u0103 \u0219i predictibil\u0103.<\/p>\n<p data-start=\"782\" data-end=\"868\">P\u00e2n\u0103 atunci, v\u0103 invit\u0103m s\u0103 descoperi\u021bi proiectele \u0219i solu\u021biile din portofoliul nostru.<\/p>\n<p>[\/et_pb_text][et_pb_button button_url=&#8221;https:\/\/abac.software\/ro\/solutii\/&#8221; button_text=&#8221;Descoper\u0103 solu\u021biile noastre&#8221; button_alignment=&#8221;center&#8221; _builder_version=&#8221;4.27.6&#8243; _module_preset=&#8221;default&#8221; custom_button=&#8221;on&#8221; button_text_color=&#8221;#FFFFFF&#8221; button_bg_color=&#8221;#98353C&#8221; button_border_width=&#8221;0px&#8221; button_border_color=&#8221;#FFFFFF&#8221; button_border_radius=&#8221;25px&#8221; button_icon=&#8221;&#x35;||divi||400&#8243; custom_padding=&#8221;10px|50px|10px|50px|true|true&#8221; global_colors_info=&#8221;{}&#8221;][\/et_pb_button][\/et_pb_column][\/et_pb_row][\/et_pb_section]<\/p>\n<span class=\"et_bloom_bottom_trigger\"><\/span>","protected":false},"excerpt":{"rendered":"<p>Programare confirmat\u0103 cu success.V\u0103 rug\u0103m s\u0103 verifica\u021bi adresa de e-mail pentru detaliile de acces la \u00eent\u00e2lnire. \u00cen cadrul discu\u021biei vom analiza obiectivele dumneavoastr\u0103 \u0219i modul \u00een care acestea pot fi transpuse \u00eentr-o solu\u021bie software solid\u0103 \u0219i predictibil\u0103. P\u00e2n\u0103 atunci, v\u0103 invit\u0103m s\u0103 descoperi\u021bi proiectele \u0219i solu\u021biile din portofoliul nostru.<\/p>\n","protected":false},"author":1,"featured_media":0,"parent":0,"menu_order":0,"comment_status":"closed","ping_status":"closed","template":"","meta":{"_et_pb_use_builder":"on","_et_pb_old_content":"","_et_gb_content_width":"","inline_featured_image":false,"_uf_show_specific_survey":0,"_uf_disable_surveys":false,"footnotes":""},"class_list":["post-386295","page","type-page","status-publish","hentry"],"yoast_head":"<!-- This site is optimized with the Yoast SEO plugin v20.12 - https:\/\/yoast.com\/wordpress\/plugins\/seo\/ -->\n<title>Multumim | abac.software<\/title>\n<meta name=\"robots\" content=\"index, follow, max-snippet:-1, max-image-preview:large, max-video-preview:-1\" \/>\n<link rel=\"canonical\" href=\"https:\/\/abac.software\/ro\/multumim\/\" \/>\n<meta property=\"og:locale\" content=\"ro_RO\" \/>\n<meta property=\"og:type\" content=\"article\" \/>\n<meta property=\"og:title\" content=\"Multumim | abac.software\" \/>\n<meta property=\"og:description\" content=\"Programare confirmat\u0103 cu success.V\u0103 rug\u0103m s\u0103 verifica\u021bi adresa de e-mail pentru detaliile de acces la \u00eent\u00e2lnire. \u00cen cadrul discu\u021biei vom analiza obiectivele dumneavoastr\u0103 \u0219i modul \u00een care acestea pot fi transpuse \u00eentr-o solu\u021bie software solid\u0103 \u0219i predictibil\u0103. P\u00e2n\u0103 atunci, v\u0103 invit\u0103m s\u0103 descoperi\u021bi proiectele \u0219i solu\u021biile din portofoliul nostru.\" \/>\n<meta property=\"og:url\" content=\"https:\/\/abac.software\/ro\/multumim\/\" \/>\n<meta property=\"og:site_name\" content=\"abac\" \/>\n<meta property=\"article:publisher\" content=\"https:\/\/www.facebook.com\/abac.software\" \/>\n<meta property=\"article:modified_time\" content=\"2026-03-13T18:43:46+00:00\" \/>\n<meta name=\"twitter:card\" content=\"summary_large_image\" \/>\n<meta name=\"twitter:label1\" content=\"Timp estimat pentru citire\" \/>\n\t<meta name=\"twitter:data1\" content=\"1 minut\" \/>\n<script type=\"application\/ld+json\" class=\"yoast-schema-graph\">{\"@context\":\"https:\/\/schema.org\",\"@graph\":[{\"@type\":\"WebPage\",\"@id\":\"https:\/\/abac.software\/ro\/multumim\/\",\"url\":\"https:\/\/abac.software\/ro\/multumim\/\",\"name\":\"Multumim | abac.software\",\"isPartOf\":{\"@id\":\"https:\/\/abac.software\/ro\/#website\"},\"datePublished\":\"2026-02-19T21:11:58+00:00\",\"dateModified\":\"2026-03-13T18:43:46+00:00\",\"breadcrumb\":{\"@id\":\"https:\/\/abac.software\/ro\/multumim\/#breadcrumb\"},\"inLanguage\":\"ro-RO\",\"potentialAction\":[{\"@type\":\"ReadAction\",\"target\":[\"https:\/\/abac.software\/ro\/multumim\/\"]}]},{\"@type\":\"BreadcrumbList\",\"@id\":\"https:\/\/abac.software\/ro\/multumim\/#breadcrumb\",\"itemListElement\":[{\"@type\":\"ListItem\",\"position\":1,\"name\":\"Home\",\"item\":\"https:\/\/abac.software\/ro\/\"},{\"@type\":\"ListItem\",\"position\":2,\"name\":\"Multumim\"}]},{\"@type\":\"WebSite\",\"@id\":\"https:\/\/abac.software\/ro\/#website\",\"url\":\"https:\/\/abac.software\/ro\/\",\"name\":\"abac\",\"description\":\"Product development and software development\",\"publisher\":{\"@id\":\"https:\/\/abac.software\/ro\/#organization\"},\"potentialAction\":[{\"@type\":\"SearchAction\",\"target\":{\"@type\":\"EntryPoint\",\"urlTemplate\":\"https:\/\/abac.software\/ro\/?s={search_term_string}\"},\"query-input\":\"required name=search_term_string\"}],\"inLanguage\":\"ro-RO\"},{\"@type\":\"Organization\",\"@id\":\"https:\/\/abac.software\/ro\/#organization\",\"name\":\"abac software\",\"alternateName\":\"abac\",\"url\":\"https:\/\/abac.software\/ro\/\",\"logo\":{\"@type\":\"ImageObject\",\"inLanguage\":\"ro-RO\",\"@id\":\"https:\/\/abac.software\/ro\/#\/schema\/logo\/image\/\",\"url\":\"https:\/\/abac.software\/wp-content\/uploads\/2026\/01\/only_logo.png\",\"contentUrl\":\"https:\/\/abac.software\/wp-content\/uploads\/2026\/01\/only_logo.png\",\"width\":696,\"height\":696,\"caption\":\"abac software\"},\"image\":{\"@id\":\"https:\/\/abac.software\/ro\/#\/schema\/logo\/image\/\"},\"sameAs\":[\"https:\/\/www.facebook.com\/abac.software\",\"https:\/\/www.instagram.com\/abac.software\/\",\"https:\/\/www.linkedin.com\/company\/abac-software\/\",\"https:\/\/www.youtube.com\/channel\/UCfQ37SZbfvmkLdIBlDPPX_g\"]}]}<\/script>\n<!-- \/ Yoast SEO plugin. -->","yoast_head_json":{"title":"Multumim | abac.software","robots":{"index":"index","follow":"follow","max-snippet":"max-snippet:-1","max-image-preview":"max-image-preview:large","max-video-preview":"max-video-preview:-1"},"canonical":"https:\/\/abac.software\/ro\/multumim\/","og_locale":"ro_RO","og_type":"article","og_title":"Multumim | abac.software","og_description":"Programare confirmat\u0103 cu success.V\u0103 rug\u0103m s\u0103 verifica\u021bi adresa de e-mail pentru detaliile de acces la \u00eent\u00e2lnire. \u00cen cadrul discu\u021biei vom analiza obiectivele dumneavoastr\u0103 \u0219i modul \u00een care acestea pot fi transpuse \u00eentr-o solu\u021bie software solid\u0103 \u0219i predictibil\u0103. P\u00e2n\u0103 atunci, v\u0103 invit\u0103m s\u0103 descoperi\u021bi proiectele \u0219i solu\u021biile din portofoliul nostru.","og_url":"https:\/\/abac.software\/ro\/multumim\/","og_site_name":"abac","article_publisher":"https:\/\/www.facebook.com\/abac.software","article_modified_time":"2026-03-13T18:43:46+00:00","twitter_card":"summary_large_image","twitter_misc":{"Timp estimat pentru citire":"1 minut"},"schema":{"@context":"https:\/\/schema.org","@graph":[{"@type":"WebPage","@id":"https:\/\/abac.software\/ro\/multumim\/","url":"https:\/\/abac.software\/ro\/multumim\/","name":"Multumim | abac.software","isPartOf":{"@id":"https:\/\/abac.software\/ro\/#website"},"datePublished":"2026-02-19T21:11:58+00:00","dateModified":"2026-03-13T18:43:46+00:00","breadcrumb":{"@id":"https:\/\/abac.software\/ro\/multumim\/#breadcrumb"},"inLanguage":"ro-RO","potentialAction":[{"@type":"ReadAction","target":["https:\/\/abac.software\/ro\/multumim\/"]}]},{"@type":"BreadcrumbList","@id":"https:\/\/abac.software\/ro\/multumim\/#breadcrumb","itemListElement":[{"@type":"ListItem","position":1,"name":"Home","item":"https:\/\/abac.software\/ro\/"},{"@type":"ListItem","position":2,"name":"Multumim"}]},{"@type":"WebSite","@id":"https:\/\/abac.software\/ro\/#website","url":"https:\/\/abac.software\/ro\/","name":"abac","description":"Product development and software development","publisher":{"@id":"https:\/\/abac.software\/ro\/#organization"},"potentialAction":[{"@type":"SearchAction","target":{"@type":"EntryPoint","urlTemplate":"https:\/\/abac.software\/ro\/?s={search_term_string}"},"query-input":"required name=search_term_string"}],"inLanguage":"ro-RO"},{"@type":"Organization","@id":"https:\/\/abac.software\/ro\/#organization","name":"abac software","alternateName":"abac","url":"https:\/\/abac.software\/ro\/","logo":{"@type":"ImageObject","inLanguage":"ro-RO","@id":"https:\/\/abac.software\/ro\/#\/schema\/logo\/image\/","url":"https:\/\/abac.software\/wp-content\/uploads\/2026\/01\/only_logo.png","contentUrl":"https:\/\/abac.software\/wp-content\/uploads\/2026\/01\/only_logo.png","width":696,"height":696,"caption":"abac software"},"image":{"@id":"https:\/\/abac.software\/ro\/#\/schema\/logo\/image\/"},"sameAs":["https:\/\/www.facebook.com\/abac.software","https:\/\/www.instagram.com\/abac.software\/","https:\/\/www.linkedin.com\/company\/abac-software\/","https:\/\/www.youtube.com\/channel\/UCfQ37SZbfvmkLdIBlDPPX_g"]}]}},"_links":{"self":[{"href":"https:\/\/abac.software\/ro\/wp-json\/wp\/v2\/pages\/386295","targetHints":{"allow":["GET"]}}],"collection":[{"href":"https:\/\/abac.software\/ro\/wp-json\/wp\/v2\/pages"}],"about":[{"href":"https:\/\/abac.software\/ro\/wp-json\/wp\/v2\/types\/page"}],"author":[{"embeddable":true,"href":"https:\/\/abac.software\/ro\/wp-json\/wp\/v2\/users\/1"}],"replies":[{"embeddable":true,"href":"https:\/\/abac.software\/ro\/wp-json\/wp\/v2\/comments?post=386295"}],"version-history":[{"count":16,"href":"https:\/\/abac.software\/ro\/wp-json\/wp\/v2\/pages\/386295\/revisions"}],"predecessor-version":[{"id":387050,"href":"https:\/\/abac.software\/ro\/wp-json\/wp\/v2\/pages\/386295\/revisions\/387050"}],"wp:attachment":[{"href":"https:\/\/abac.software\/ro\/wp-json\/wp\/v2\/media?parent=386295"}],"curies":[{"name":"wp","href":"https:\/\/api.w.org\/{rel}","templated":true}]}}